{"id":2383,"date":"2022-01-13T16:41:29","date_gmt":"2022-01-13T15:41:29","guid":{"rendered":"https:\/\/serockaakademia.pl\/?page_id=2383"},"modified":"2022-01-14T19:02:26","modified_gmt":"2022-01-14T18:02:26","slug":"co-bylo-w-2021-roku","status":"publish","type":"page","link":"https:\/\/serockaakademia.pl\/index.php\/co-bylo-w-2021-roku\/","title":{"rendered":"co by\u0142o w 2021 roku"},"content":{"rendered":"<div id=\"gwp6c53fb18h\">\n<div class=\"gwp6c53fb18b\" data-message-body=\"true\">\n<div id=\"gwp6c53fb18_gwp1e9254e1\">\n<div id=\"gwp6c53fb18_gwp1e9254e1h\">\n<div class=\"gwp6c53fb18_gwp1e9254e1b\" data-message-body=\"true\">\n<div>\n<p><a href=\"https:\/\/serockaakademia.pl\/wp-content\/uploads\/2022\/01\/ZDJECIA-2021.pdf\">ZDJECIA 2021<\/a>\u00a0w pdf<\/p>\n<p><a href=\"https:\/\/serockaakademia.pl\/wp-content\/uploads\/2022\/01\/ZDJECIA2021.pptx\">ZDJECIA2021<\/a>\u00a0w pptx (prezentacja)<\/p>\n<p><img loading=\"lazy\" decoding=\"async\" class=\"size-medium wp-image-2406 aligncenter\" src=\"https:\/\/serockaakademia.pl\/wp-content\/uploads\/2022\/01\/zarzad-300x225.jpg\" alt=\"\" width=\"300\" height=\"225\" srcset=\"https:\/\/serockaakademia.pl\/wp-content\/uploads\/2022\/01\/zarzad-300x225.jpg 300w, https:\/\/serockaakademia.pl\/wp-content\/uploads\/2022\/01\/zarzad.jpg 768w\" sizes=\"auto, (max-width: 300px) 100vw, 300px\" \/><\/p>\n<p><strong><em>Z OKAZJI \u015aWI\u0104T BO\u017bEGO NARODZENIA ORAZ NOWEGO 2022 ROKU ZARZ\u0104D SEROCKIEJ AKADEMII SENIORA \u017bYCZY WSZYSTKIM ZDROWIA, SPOKOJU, SZCZ\u0118\u015aCIA W GRONIE RODZINY I PRZYJACI\u00d3\u0141. ZAPRASZAMY DO NAS WSZYSTKICH SENIOR\u00d3W Z GMINY SEROCK. WYJD\u0179CIE\u00a0 Z PUSTKI CZTERECH \u015aCIAN I SERIALI TELEWIZYJNYCH. MY PROPONUJEMY SPOTKANIA Z CIEKAWYMI LUD\u0179MI, WYJAZDY DO TEATRU, WYCIECZKI, ZABAWY. CZEKAMY NA WSZYSTKICH CH\u0118TNYCH. ZARZ\u0104D SEROCKIEJ AKADEMII: S\u0141AWEK, JAGODA, GRA\u017bYNA, BO\u017bENA, TERESA.<\/em><\/strong><\/p>\n<p><strong>31 grudzie\u0144\u00a0<\/strong>- Sylwester w LANDA w Serocku<\/p>\n<p><strong>30 grudzie\u0144\u00a0<\/strong>- wyjazd do Teatru 6-pi\u0119tro w Warszawie<\/p>\n<p><strong>20 grudzie\u0144\u00a0<\/strong>- wyjazd na baseny termalne do Mszczonowa<\/p>\n<p>&nbsp;<\/p>\n<p><strong>17 grudzie\u0144<\/strong>\u00a0- spotkanie wigilijne w LANDA w Serocku godz. 17:00<\/p>\n<p><strong>12 grudzie\u0144<\/strong>\u00a0- Koncert \"Grudniowe impresje muzyczne\" godzina 18:00 CKiCZ<\/p>\n<p><strong>6 grudzie\u0144<\/strong>\u00a0- warsztaty miko\u0142ajkowe na Ko\u015bciuszki 8a<\/p>\n<p><strong><em>Grupa senior\u00f3w, pod okiem instruktora, wykonywa\u0142a w\u0142asnor\u0119cznie drewniane choinki, stroiki i inne ozdoby \u015bwi\u0105teczne. By\u0142y prezenty od Miko\u0142aja, wsp\u00f3lne rozmowy i pocz\u0119stunek.<\/em><\/strong><\/p>\n<p><strong>1 grudzie\u0144\u00a0-<\/strong>\u00a0rozpocz\u0119cie zaj\u0119\u0107 na basenie w O\u015brodku Szkolenia Orange (Exploris) ul. Wyzwolenia 57<\/p>\n<p><em><strong>Od grudnia grupa senior\u00f3w b\u0119dzie, pod okiem instruktora, \u0107wiczy\u0142a w basenie. Zaj\u0119cia te b\u0119d\u0105 odbywa\u0142y si\u0119 w ka\u017cd\u0105 \u015brod\u0119 w godzinach 16-17.<\/strong><\/em><\/p>\n<p><strong>30 listopad<\/strong>\u00a0- spotkanie integracyjne w \"Z\u0142otym Linie\" - Andrzejki<\/p>\n<p><em><strong>W ramach kultywowania tradycji du\u017ca grupa Senior\u00f3w\u00a0wzi\u0119\u0142a udzia\u0142\u00a0w zabawie andrzejkowej. By\u0142a muzyka na \u017cywo, \"wied\u017ama\" stawiaj\u0105ca kaba\u0142y i tarota, wr\u00f3\u017cby z wosku. By\u0142a super zabawa i pyszne jedzenie. Bawili\u015bmy si\u0119 od 18 do 23.<\/strong><\/em><\/p>\n<p><strong>22 listopad<\/strong>\u00a0- wyk\u0142ad z serii \"Przez Kontynenty\" - AMERYKA P\u00d3\u0141NOCNA - KANADA<\/p>\n<p><strong>14 listopad<\/strong>\u00a0- jednodniowa wycieczka do Warszawy<\/p>\n<p><em><strong>Seniorzy z wnukami\/wnuczkami odwiedzili Pa\u0142ac Kultury i Nauki i wzi\u0119li udzia\u0142 w uczcie s\u0142odko\u015bci \"Chocolate Festiwal &amp; Cacao\" (Festiwal Czekolady) oraz uczcie dla oka \"Festiwal \u015awiate\u0142 w Ogrodach w Wilanowie\".\u00a0<\/strong><\/em><\/p>\n<p><strong>8 listopad\u00a0<\/strong>- wyk\u0142ad z serii \"Przez Kontynenty\"\u00a0 - AFRYKA<\/p>\n<p><strong>4 listopad\u00a0<\/strong>- wyjazd do Teatru 6-Pi\u0119tro<\/p>\n<p><em><strong>Spektakl \"Mi\u0142o\u015b\u0107 w Saybrook\" to wyj\u0105tkowa zabawa r\u00f3\u017cnymi gatunkami teatru, kt\u00f3rej g\u0142\u0119bszym celem jest opowie\u015b\u0107 o z\u0142o\u017conej prawdzie ludzkich uczu\u0107. Opowiadaj\u0105c o mi\u0142osnych problemach trzech ma\u0142\u017ce\u0144skich par, Woody Allen z w\u0142a\u015bciw\u0105 sobie b\u0142yskotliwo\u015bci\u0105 miesza r\u00f3\u017cne konwencje, w\u0142\u0105czaj\u0105c komedi\u0119, absurdaln\u0105 grotesk\u0119 oraz krymina\u0142, a robi to, \u017ceby z teatralnej fikcji wydoby\u0107 troch\u0119 prawdy o naszych t\u0119sknotach i niespe\u0142nieniach.<\/strong><\/em><\/p>\n<p><strong>29 pa\u017adziernik\u00a0<\/strong>- sprz\u0105tanie grob\u00f3w na Cmentarzu Serockim godzina 13:00<\/p>\n<\/div>\n<div>\n<p><strong><em>Pod has\u0142em \"Ocali\u0107 od zapomnienia\" Seroccy Seniorzy sprz\u0105tali, zapomniane przez innych, groby na cmentarzu. Z\u0142o\u017cyli r\u00f3wnie\u017c w\u0142asnor\u0119cznie zrobione wi\u0105zanki i zapalili znicze.<\/em><\/strong><\/p>\n<p><strong>26 pa\u017adziernik<\/strong>\u00a0- debata na temat bezpiecze\u0144stwa Senior\u00f3w - 12:00 CKiCZ Serock.<\/p>\n<p><em><strong>Debata spo\u0142eczna \"Bezpieczny Senior\": Porozmawiajmy o bezpiecze\u0144stwie, bo i Ty mo\u017cesz mie\u0107 na nie wp\u0142yw.\u00a0<\/strong><\/em><\/p>\n<p><strong>25 pa\u017adziernik<\/strong>\u00a0- warsztaty florystyczne - godzina 18:00 ul. Ko\u015bciuszki 8 a<\/p>\n<\/div>\n<div><em><strong>Seniorzy z Serockiej Akademii pod okiem do\u015bwiadczonych florystek\u00a0 wykonali\u00a0wi\u0105zanki na groby. By\u0142a to r\u00f3wnie\u017c okazja do spotkania z kole\u017cankami i kolegami, by przy kawie, herbacie i ciastku podzieli\u0107 si\u0119 wspomnieniami z w\u0142asnego \u017cycia.<\/strong><\/em><\/div>\n<div><\/div>\n<div><strong>23 pa\u017adziernik<\/strong>\u00a0- Dzie\u0144 Seniora - spotkanie Senior\u00f3w godzina 17 ul. Wyzwolenia 57.<\/div>\n<div>\n<p><strong>D<em>zie\u0144 Seniora jest dla nas wszystkich bardzo wa\u017cnym dniem.\u00a0<\/em><\/strong><em><strong>Cieszymy si\u0119, \u017ce jeste\u015bmy razem, w naszej Akademii,\u00a0<\/strong><strong>mo\u017cemy spotyka\u0107 si\u0119, rozmawia\u0107 i edukowa\u0107.\u00a0<\/strong><strong>\u017byczymy wszystkim zdrowia ,aby ka\u017cdy dzie\u0144 przynosi\u0142 rado\u015b\u0107 i optymizm\u00a0<\/strong><strong>na lepsze jutro.\u00a0<\/strong><strong>Zach\u0119camy do aktywno\u015bci, wyj\u015bcia z domu, do przyjaci\u00f3\u0142.\u00a0<\/strong><strong>Czekamy na Was na naszych wyk\u0142adach i r\u00f3\u017cnorodnych\u00a0 zaj\u0119ciach.<\/strong><\/em><\/p>\n<p><em>Zarz\u0105d Serockiej Akademii Seniora\u00a0<\/em><\/p>\n<p><em>S\u0142awek, Tereska, Gra\u017cynka, Bo\u017cenka, Jagoda\u00a0<\/em><\/p>\n<\/div>\n<div><strong>12 pa\u017adziernik<\/strong>\u00a0- wyjazd do Teatru Powszechnego<\/div>\n<div>\n<p><strong><em>\u00a0W ramach wyk\u0142adu o ekologii spektakl\u00a0\u201eJAK OCALI\u0106 \u015aWIAT NA MA\u0141EJ SCENIE\u201d.\u00a0<\/em><\/strong><em><strong>\u00a0<span class=\"size\">Oczywistym jest, \u017ce nie da si\u0119 ocali\u0107 \u015bwiata (na ma\u0142ej scenie), a mimo to ca\u0142y czas frapuje pytanie: jak tego dokona\u0107. By\u0107 mo\u017ce w sytuacji strachu to w\u0142a\u015bnie bezczelno\u015b\u0107 daje nadziej\u0119?\u00a0 Przedstawienie w warszawskim Teatrze Powszechnym ma w sobie co\u015b z symulacji apokalipsy. Na scenie wida\u0107 barykady ze snopk\u00f3w makulatury, z ty\u0142u wisi niebieska plandeka, s\u0142u\u017c\u0105ca r\u00f3wnie\u017c za ekran. Jest jeszcze wersalka, krzes\u0142o, st\u00f3\u0142 z keyboardem i laptopem, \u00a0i telewizor, na kt\u00f3rym pojawiaj\u0105 si\u0119 wizualizacje oraz zdj\u0119cia. Zanim znajdziemy si\u0119 w g\u0142\u00f3wnej, splecionej z trzech narracji opowie\u015bci o do\u015bwiadczeniu dorastania, stawania si\u0119 m\u0119\u017cczyzn\u0105 i wreszcie odpowiedzialno\u015bci za w\u0142asne dzieci, na scenie pojawia si\u0119 Faust i m\u00f3wi za szatanem z\u00a0<\/span><span class=\"size\">Kordiana<\/span><span class=\"size\">: \"<\/span><span class=\"size\">\u017be niby czego \u00abkoniec\u00bb? G\u0142upie s\u0142owo!<\/span><br \/>\n<span class=\"size\">\u00a0\u00a0\u00a0\u00a0\u00a0\u00a0\u00a0\u00a0\u00a0\u00a0\u00a0\u00a0\u00a0\u00a0\u00a0\u00a0\u00a0\u00a0\u00a0\u00a0\u00a0\u00a0\u00a0 Koniec to nico\u015b\u0107. W \u00abko\u0144cu\u00bb sensu ma\u0142o:<\/span><br \/>\n<span class=\"size\">\u00a0\u00a0\u00a0\u00a0\u00a0\u00a0\u00a0\u00a0\u00a0\u00a0\u00a0\u00a0\u00a0\u00a0\u00a0\u00a0\u00a0\u00a0\u00a0\u00a0\u00a0\u00a0 \u00a0To tak, jak gdyby nigdy nie powsta\u0142o,<\/span><br \/>\n<span class=\"size\">\u00a0\u00a0\u00a0\u00a0\u00a0\u00a0\u00a0\u00a0\u00a0\u00a0\u00a0\u00a0\u00a0\u00a0\u00a0\u00a0\u00a0\u00a0\u00a0\u00a0\u00a0\u00a0 A jednak z\u0142udne bycie kr\u0105\u017cy w kole\u201d.<\/span><\/strong><\/em><\/p>\n<p><strong>7 pa\u017adziernik<\/strong>\u00a0-\u00a0jednodniowa wycieczka do Otwocka i Konstancina<\/p>\n<\/div>\n<div><strong><em>Pierwszym punktem programu by\u0142 dawny pa\u0142ac Bili\u0144skich w Otwocku Wielkim. Zbudowany na prze\u0142omie XVII i XVIII wieku, odbudowany po II Wojnie \u015awiatowej, by\u0142 Domem Poprawczym dla dziewcz\u0105t, rz\u0105dow\u0105 rezydencj\u0105, a od 2004 roku uzyska\u0142 status oddzia\u0142u Muzeum Narodowego w Warszawie.\u00a0Nast\u0119pnie pojechali\u015bmy do Konstancina. Tam korzystaj\u0105c z pi\u0119knej pogody spacerowali\u015bmy na kijkach, g\u0142\u0119boko oddychali\u015bmy w t\u0119\u017cni oraz za\u017cywali\u015bmy k\u0105pieli leczniczych w solance.\u00a0Wycieczk\u0119 zako\u0144czy\u0142 smaczny obiad w Zaje\u017adzie Staropolskim oraz wsp\u00f3lne \u015bpiewy w autokarze.<\/em><\/strong><\/div>\n<div><\/div>\n<div><strong>6 pa\u017adziernik<\/strong>\u00a0- rozpoczynamy gimnastyk\u0119 w basenie (Hotel Pan Tadeusz)<\/div>\n<div><\/div>\n<div><strong>3 pa\u017adziernik<\/strong>\u00a0- inauguracja roku akademickiego 2021\/2022<\/div>\n<div><\/div>\n<div><strong>30 wrzesie\u0144\u00a0<\/strong>- sprz\u0105tanie lasu oraz wyk\u0142ad p. Le\u015bniczego<\/div>\n<div><\/div>\n<div><strong><em>\u00a0Grupa Senior\u00f3w z Serockiej Akademii wzi\u0119\u0142a udzia\u0142 w projekcie \"Chro\u0144my Lasy - P\u0142uca Naszej Planety\". 20 os\u00f3b sprz\u0105ta\u0142o \u015bmieci w Rejonie Nadle\u015bnictwa Zegrze - Le\u015bnicz\u00f3wka Wola Kie\u0142pi\u0144ska, pod bacznym okiem Le\u015bniczego Pana Piotra. Na zako\u0144czenie by\u0142 wyk\u0142ad o faunie i florze lasu oraz pocz\u0119stunek.<\/em><\/strong><\/div>\n<div><\/div>\n<div><strong><em>24 wrzesie\u0144\u00a0-\u00a0<\/em><\/strong>wyjazd do Teatru Narodowego w Warszawie<\/div>\n<div><strong>18 wrzesie\u0144<\/strong>\u00a0- wyjazd do Teatru Muzycznego w Warszawie<\/div>\n<div><strong>14 wrzesie\u0144\u00a0<\/strong>- impreza integracyjna - Ognisko-Kartoflisko<\/div>\n<div><strong>8 wrzesie\u0144\u00a0<\/strong>- wyjazd do Teatru Komedia w Warszawie<\/div>\n<div><strong>28 sierpie\u0144<\/strong>\u00a0- jednodniowa wycieczka na Podlasie \"Miodobranie\"<\/div>\n<div><strong>20-22 sierpie\u0144\u00a0<\/strong>- Zlot Senior\u00f3w<\/div>\n<div><strong>26 czerwiec<\/strong>\u00a0- impreza taneczna w LANDA Serock<\/div>\n<div><strong>10 czerwiec<\/strong>\u00a0- Dzie\u0144 Sportu Seniora<\/div>\n<div><strong>\u00a08 czerwiec\u00a0<\/strong>- Walne Zgromadzenie Cz\u0142onk\u00f3w SAS i zmiana Zarz\u0105du Akademii<\/div>\n<\/div>\n<\/div>\n<\/div>\n<\/div>\n<\/div>\n<div>\n<p><em><strong>Zako\u0144czy\u0142a si\u0119 II kadencja w\u0142adz stowarzyszenia Serocka Akademia Seniora, kt\u00f3ra trwa\u0142a od 2018 roku.\u00a0<\/strong><strong>Podzi\u0119kowania obecnemu Zarz\u0105dowi przekazali burmistrz Miasta i Gminy Serock i przewodnicz\u0105cy Rady Miejskiej.<\/strong><\/em><\/p>\n<p><em><strong>Sk\u0142ad II kadencji Zarz\u0105du SAS:<\/strong><\/em><\/p>\n<p><em><strong>Miros\u0142awa Sujkowska \u2013 prezes zarz\u0105du<\/strong><\/em><\/p>\n<p><em><strong>Teresa D\u0105browska \u2013 wiceprezes<\/strong><\/em><\/p>\n<p><em><strong>Danuta Korbuszewska \u2013 skarbnik<\/strong><\/em><\/p>\n<p><em><strong>Lidia D\u0105browska \u2013 sekretarz<\/strong><\/em><\/p>\n<p><em><strong>Krystyna Jankowska \u2013 cz\u0142onek<\/strong><\/em><\/p>\n<p><img loading=\"lazy\" decoding=\"async\" class=\"alignnone size-medium wp-image-2405\" src=\"https:\/\/serockaakademia.pl\/wp-content\/uploads\/2022\/01\/WALNE_Moment-300x169.jpg\" alt=\"\" width=\"300\" height=\"169\" srcset=\"https:\/\/serockaakademia.pl\/wp-content\/uploads\/2022\/01\/WALNE_Moment-300x169.jpg 300w, https:\/\/serockaakademia.pl\/wp-content\/uploads\/2022\/01\/WALNE_Moment-768x432.jpg 768w, https:\/\/serockaakademia.pl\/wp-content\/uploads\/2022\/01\/WALNE_Moment-1024x576.jpg 1024w, https:\/\/serockaakademia.pl\/wp-content\/uploads\/2022\/01\/WALNE_Moment-960x540.jpg 960w, https:\/\/serockaakademia.pl\/wp-content\/uploads\/2022\/01\/WALNE_Moment.jpg 1920w\" sizes=\"auto, (max-width: 300px) 100vw, 300px\" \/><\/p>\n<p><em><strong>W nowym Zarz\u0105dzie zasi\u0105d\u0105 poni\u017csze osoby:<\/strong><\/em><\/p>\n<p><em><strong>S\u0142awomir Jackowski - prezes zarz\u0105du<\/strong><\/em><\/p>\n<p><em><strong>Gra\u017cyna Staniszewska - wiceprezes zarz\u0105du<\/strong><\/em><\/p>\n<p><em><strong>Bo\u017cena Ogrodnik - sekretarz<\/strong><\/em><\/p>\n<p><em><strong>Teresa Osi\u0144ska-\u0141ab\u0119d\u017a - skarbnik<\/strong><\/em><\/p>\n<p><em><strong>Jadwiga Jackowska - cz\u0142onek zarz\u0105du<\/strong><\/em><\/p>\n<p><img loading=\"lazy\" decoding=\"async\" class=\"alignnone size-medium wp-image-2406\" src=\"https:\/\/serockaakademia.pl\/wp-content\/uploads\/2022\/01\/zarzad-300x225.jpg\" alt=\"\" width=\"300\" height=\"225\" srcset=\"https:\/\/serockaakademia.pl\/wp-content\/uploads\/2022\/01\/zarzad-300x225.jpg 300w, https:\/\/serockaakademia.pl\/wp-content\/uploads\/2022\/01\/zarzad.jpg 768w\" sizes=\"auto, (max-width: 300px) 100vw, 300px\" \/><\/p>\n<\/div>\n","protected":false},"excerpt":{"rendered":"<p>ZDJECIA 2021\u00a0w pdf ZDJECIA2021\u00a0w pptx (prezentacja) Z OKAZJI \u015aWI\u0104T BO\u017bEGO NARODZENIA ORAZ NOWEGO 2022 ROKU ZARZ\u0104D SEROCKIEJ AKADEMII SENIORA \u017bYCZY WSZYSTKIM ZDROWIA, SPOKOJU, SZCZ\u0118\u015aCIA W GRONIE RODZINY I PRZYJACI\u00d3\u0141. ZAPRASZAMY DO NAS WSZYSTKICH SENIOR\u00d3W Z GMINY SEROCK. WYJD\u0179CIE\u00a0 Z PUSTKI CZTERECH \u015aCIAN I SERIALI TELEWIZYJNYCH. MY PROPONUJEMY SPOTKANIA Z CIEKAWYMI LUD\u0179MI, WYJAZDY DO TEATRU, WYCIECZKI, <a href=\"https:\/\/serockaakademia.pl\/index.php\/co-bylo-w-2021-roku\/\" class=\"more-link\">Czytaj dalej...<span class=\"screen-reader-text\"> \"co by\u0142o w 2021 roku\"<\/span><\/a><\/p>\n","protected":false},"author":1,"featured_media":0,"parent":0,"menu_order":0,"comment_status":"closed","ping_status":"closed","template":"","meta":{"footnotes":""},"class_list":["post-2383","page","type-page","status-publish","h-entry","hentry","h-as-page"],"_links":{"self":[{"href":"https:\/\/serockaakademia.pl\/index.php\/wp-json\/wp\/v2\/pages\/2383","targetHints":{"allow":["GET"]}}],"collection":[{"href":"https:\/\/serockaakademia.pl\/index.php\/wp-json\/wp\/v2\/pages"}],"about":[{"href":"https:\/\/serockaakademia.pl\/index.php\/wp-json\/wp\/v2\/types\/page"}],"author":[{"embeddable":true,"href":"https:\/\/serockaakademia.pl\/index.php\/wp-json\/wp\/v2\/users\/1"}],"replies":[{"embeddable":true,"href":"https:\/\/serockaakademia.pl\/index.php\/wp-json\/wp\/v2\/comments?post=2383"}],"version-history":[{"count":5,"href":"https:\/\/serockaakademia.pl\/index.php\/wp-json\/wp\/v2\/pages\/2383\/revisions"}],"predecessor-version":[{"id":2434,"href":"https:\/\/serockaakademia.pl\/index.php\/wp-json\/wp\/v2\/pages\/2383\/revisions\/2434"}],"wp:attachment":[{"href":"https:\/\/serockaakademia.pl\/index.php\/wp-json\/wp\/v2\/media?parent=2383"}],"curies":[{"name":"wp","href":"https:\/\/api.w.org\/{rel}","templated":true}]}}