{"id":65,"date":"2017-03-03T18:30:07","date_gmt":"2017-03-03T17:30:07","guid":{"rendered":"http:\/\/www.sas.wnecie.pl\/?page_id=65"},"modified":"2017-05-20T14:17:31","modified_gmt":"2017-05-20T12:17:31","slug":"hymn-2","status":"publish","type":"page","link":"https:\/\/serockaakademia.pl\/index.php\/hymn-2\/","title":{"rendered":"hymn"},"content":{"rendered":"<p><em><strong>Hymn serockich senior\u00f3w <\/strong><\/em><\/p>\n<p>S\u0142owa i muzyka: Lucyna D\u0105browska<\/p>\n<p><em>My seroccy seniorzy czujemy si\u0119 m\u0142odo,<\/em><br \/>\n<em>Mimo wieku wci\u0105\u017c jeszcze grzeszymy urod\u0105.<\/em><br \/>\n<em>Studiujemy tak pilnie jak na \u017cak\u00f3w przysta\u0142o,<\/em><br \/>\n<em>Wci\u0105\u017c trenuj\u0105c z zapa\u0142em i umys\u0142, i cia\u0142o.<\/em><\/p>\n<p><em>Na spektakle i wycieczki, koncert \u017cab i zapach lasu -<\/em><br \/>\n<em>Nadrabiamy przyjemno\u015bci, na kt\u00f3re nie by\u0142o czasu.<\/em><br \/>\n<em>Kontemplacja i spacery na przyrody cudnej \u0142onie,<\/em><br \/>\n<em>Bardzo dobrze si\u0119 czujemy w swoim w\u0142asnym mi\u0142ym gronie.<\/em><\/p>\n<p><em>Faktu literatura i te\u017c dobra sztuka, <\/em><br \/>\n<em>Nawet to nas ciekawi o czym kuku\u0142ka kuka, <\/em><br \/>\n<em>A co piszczy dzi\u015b w trawie, co odkrywa nauka,<\/em><br \/>\n<em> By nie zosta\u0107 wp\u0119dzonym w \u201ekozi r\u00f3g\u201d przez wnuka.<\/em><\/p>\n<p><em>Cho\u0107 nasz zegar biologiczny nie chce sp\u00f3\u017ania\u0107 - r\u00f3wno tyka,<\/em><br \/>\n<em>Eliksirem wi\u0119c na m\u0142odo\u015b\u0107 jest codzienna gimnastyka.<\/em><br \/>\n<em>Traktujemy ca\u0142kiem serio, sportu duch jest ci\u0105gle z nami, <\/em><br \/>\n<em>Bo szacunek dla trenerki naszej mi\u0142ej Kingi mamy.<\/em><\/p>\n<p><em>Narew \u0142\u0105czy si\u0119 z Bugiem i do morza p\u0142ynie,<\/em><br \/>\n<em>Brzmi Polonez Moniuszki o dwunastej godzinie.<\/em><br \/>\n<em>Ach ten Serock uroczy, tonie w bujnej zieleni,<\/em><br \/>\n<em>Kolorowy w jesieni, zim\u0105 srebrem si\u0119 mieni.<\/em><\/p>\n<p><em>Nasza pi\u0119kna jesie\u0144 \u017cycia b\u0142yszczy t\u0119czy kolorami,<\/em><br \/>\n<em>Wi\u0119c nie zwlekaj do\u0142\u0105cz do nas i po\u015bmiej si\u0119 razem z nami,<\/em><br \/>\n<em>W\u015br\u00f3d przyjaci\u00f3\u0142 zauwa\u017cysz swoje oblicze radosne,<\/em><br \/>\n<em>Wtedy szar\u0105 jesie\u0144 \u017cycia zechcesz szybko zmieni\u0107 w wiosn\u0119.<\/em><\/p>\n","protected":false},"excerpt":{"rendered":"<p>Hymn serockich senior\u00f3w S\u0142owa i muzyka: Lucyna D\u0105browska My seroccy seniorzy czujemy si\u0119 m\u0142odo, Mimo wieku wci\u0105\u017c jeszcze grzeszymy urod\u0105. Studiujemy tak pilnie jak na \u017cak\u00f3w przysta\u0142o, Wci\u0105\u017c trenuj\u0105c z zapa\u0142em i umys\u0142, i cia\u0142o. Na spektakle i wycieczki, koncert \u017cab i zapach lasu - Nadrabiamy przyjemno\u015bci, na kt\u00f3re nie by\u0142o czasu. Kontemplacja i spacery <a href=\"https:\/\/serockaakademia.pl\/index.php\/hymn-2\/\" class=\"more-link\">Czytaj dalej...<span class=\"screen-reader-text\"> \"hymn\"<\/span><\/a><\/p>\n","protected":false},"author":1,"featured_media":0,"parent":0,"menu_order":0,"comment_status":"closed","ping_status":"closed","template":"","meta":{"footnotes":""},"class_list":["post-65","page","type-page","status-publish","h-entry","hentry","h-as-page"],"_links":{"self":[{"href":"https:\/\/serockaakademia.pl\/index.php\/wp-json\/wp\/v2\/pages\/65","targetHints":{"allow":["GET"]}}],"collection":[{"href":"https:\/\/serockaakademia.pl\/index.php\/wp-json\/wp\/v2\/pages"}],"about":[{"href":"https:\/\/serockaakademia.pl\/index.php\/wp-json\/wp\/v2\/types\/page"}],"author":[{"embeddable":true,"href":"https:\/\/serockaakademia.pl\/index.php\/wp-json\/wp\/v2\/users\/1"}],"replies":[{"embeddable":true,"href":"https:\/\/serockaakademia.pl\/index.php\/wp-json\/wp\/v2\/comments?post=65"}],"version-history":[{"count":3,"href":"https:\/\/serockaakademia.pl\/index.php\/wp-json\/wp\/v2\/pages\/65\/revisions"}],"predecessor-version":[{"id":218,"href":"https:\/\/serockaakademia.pl\/index.php\/wp-json\/wp\/v2\/pages\/65\/revisions\/218"}],"wp:attachment":[{"href":"https:\/\/serockaakademia.pl\/index.php\/wp-json\/wp\/v2\/media?parent=65"}],"curies":[{"name":"wp","href":"https:\/\/api.w.org\/{rel}","templated":true}]}}