{"id":69,"date":"2017-03-03T18:30:08","date_gmt":"2017-03-03T17:30:08","guid":{"rendered":"http:\/\/www.sas.wnecie.pl\/?page_id=69"},"modified":"2026-03-03T11:01:16","modified_gmt":"2026-03-03T10:01:16","slug":"kontakt","status":"publish","type":"page","link":"https:\/\/serockaakademia.pl\/index.php\/kontakt\/","title":{"rendered":"KONTAKT"},"content":{"rendered":"<p><strong>Adres:<\/strong><br \/>\nSerocka Akademia Seniora<br \/>\nul. Pu\u0142tuska 35<br \/>\n05-140 Serock<\/p>\n<p>E<span data-mce-mark=\"1\">-mail:<\/span><span data-mce-mark=\"1\">\u00a0<\/span><a href=\"mailto:sas2015@wp.pl\">sas2015@wp.pl<\/a><\/p>\n<p><strong>Telefony kontaktowe<\/strong><\/p>\n<p>Dygasiewicz El\u017cbieta 661 211 603<\/p>\n<p>Teresa Osi\u0144ska-\u0141ab\u0119d\u017a\u00a0 606 678 267<\/p>\n<p>Gra\u017cyna Staniszewska 609 217 650<\/p>\n<p>Ewa Zaj\u0105c 693 222 522<\/p>\n<p>Gra\u017cyna \u0141obodda 601 990 402<\/p>\n<p>Koprzywa El\u017cbieta 604 174 944<\/p>\n<p>Naklicki Henryk 785 393 908<\/p>\n<p>&nbsp;<\/p>\n<p>&nbsp;<\/p>\n<p>&nbsp;<\/p>\n<p>KRS: 0000565519<\/p>\n<p>NIP: 5361919833<\/p>\n<p>Regon: 361955179<\/p>\n<p><strong>Rachunek bankowy:<\/strong><br \/>\n<strong>Banku Sp\u00f3\u0142dzielczym w Legionowie \u00a019 8013 0006 2007 0018 9284 0001.<\/strong><\/p>\n","protected":false},"excerpt":{"rendered":"<p>Adres: Serocka Akademia Seniora ul. Pu\u0142tuska 35 05-140 Serock E-mail:\u00a0sas2015@wp.pl Telefony kontaktowe Dygasiewicz El\u017cbieta 661 211 603 Teresa Osi\u0144ska-\u0141ab\u0119d\u017a\u00a0 606 678 267 Gra\u017cyna Staniszewska 609 217 650 Ewa Zaj\u0105c 693 222 522 Gra\u017cyna \u0141obodda 601 990 402 Koprzywa El\u017cbieta 604 174 944 Naklicki Henryk 785 393 908 &nbsp; &nbsp; &nbsp; KRS: 0000565519 NIP: 5361919833 Regon: <a href=\"https:\/\/serockaakademia.pl\/index.php\/kontakt\/\" class=\"more-link\">Czytaj dalej...<span class=\"screen-reader-text\"> \"KONTAKT\"<\/span><\/a><\/p>\n","protected":false},"author":1,"featured_media":0,"parent":0,"menu_order":0,"comment_status":"closed","ping_status":"closed","template":"","meta":{"footnotes":""},"class_list":["post-69","page","type-page","status-publish","h-entry","hentry","h-as-page"],"_links":{"self":[{"href":"https:\/\/serockaakademia.pl\/index.php\/wp-json\/wp\/v2\/pages\/69","targetHints":{"allow":["GET"]}}],"collection":[{"href":"https:\/\/serockaakademia.pl\/index.php\/wp-json\/wp\/v2\/pages"}],"about":[{"href":"https:\/\/serockaakademia.pl\/index.php\/wp-json\/wp\/v2\/types\/page"}],"author":[{"embeddable":true,"href":"https:\/\/serockaakademia.pl\/index.php\/wp-json\/wp\/v2\/users\/1"}],"replies":[{"embeddable":true,"href":"https:\/\/serockaakademia.pl\/index.php\/wp-json\/wp\/v2\/comments?post=69"}],"version-history":[{"count":7,"href":"https:\/\/serockaakademia.pl\/index.php\/wp-json\/wp\/v2\/pages\/69\/revisions"}],"predecessor-version":[{"id":2985,"href":"https:\/\/serockaakademia.pl\/index.php\/wp-json\/wp\/v2\/pages\/69\/revisions\/2985"}],"wp:attachment":[{"href":"https:\/\/serockaakademia.pl\/index.php\/wp-json\/wp\/v2\/media?parent=69"}],"curies":[{"name":"wp","href":"https:\/\/api.w.org\/{rel}","templated":true}]}}